{"id":482,"date":"2021-05-19T08:02:53","date_gmt":"2021-05-19T08:02:53","guid":{"rendered":"https:\/\/authenticturkishbazaar.com\/?page_id=482"},"modified":"2021-05-31T19:49:47","modified_gmt":"2021-05-31T19:49:47","slug":"return-policy","status":"publish","type":"page","link":"https:\/\/authenticturkishbazaar.com\/tr\/return-policy\/","title":{"rendered":"\u0130ade Politikam\u0131z"},"content":{"rendered":"<div id=\"page-header-1495965952\" class=\"page-header-wrapper\">\n  <div class=\"page-title light simple-title\">\n\n    \n    <div class=\"page-title-inner container align-center flex-row medium-flex-wrap\" >\n              <div class=\"title-wrapper flex-col text-left medium-text-center\">\n          <h1 class=\"entry-title mb-0\">\n            \u0130ade Politikam\u0131z          <\/h1>\n        <\/div>\n                    <div class=\"title-content flex-col flex-right text-right medium-text-center\">\n        <div class=\"title-breadcrumbs pb-half pt-half\"><nav class=\"woocommerce-breadcrumb breadcrumbs uppercase\" data-no-translation=\"\" data-trp-gettext=\"\">Ana Sayfa<\/nav><\/div>      <\/div>\n    <\/div>\n\n       <\/div>\n    <\/div>\n  \n\n<div class=\"is-divider divider clearfix\" ><\/div>\n\n<p>\u00d6deme Ve Teslimat<\/p>\n\n<p>1) BANKA HAVALE VEYA EFT (ELEKTRON\u0130K FON TRANSFER)<\/p>\n\n<p>QNB F\u0130NANSBANK (ENPARA.COM) HESABIMIZA SA\u011eLAYAB\u0130L\u0130RS\u0130N\u0130Z.<\/p>\n\n<p>2) S\u0130TEM\u0130Z \u00dcZER\u0130NDEN KRED\u0130 KARTLARINIZLA TEK \u00d6DEME VEYA ONLINE TAKS\u0130T \u0130MKANLARIMIZDAN YARARLANAB\u0130L\u0130RS\u0130N\u0130Z. ONLINE \u00d6DEMELERDE, S\u0130PAR\u0130\u015e\u0130N\u0130Z SONUNDA KRED\u0130 KARTINIZDAN TUTARIN \u00c7EK\u0130M\u0130 YAPILACAKTIR. OLASI S\u0130PAR\u0130\u015e \u0130PTAL\u0130 VEYA STOK SORUNU NEDEN\u0130YLE S\u0130PAR\u0130\u015e \u0130PTAL\u0130 OLURSA 7 \u0130\u015e G\u00dcN\u00dc \u0130\u00c7ER\u0130S\u0130NDE KRED\u0130 KARTINIZA \u0130ADE YAPILACAKTIR.<\/p>\n\n<p>3) S\u0130PAR\u0130\u015e \u00dcCRET\u0130 \u0130ADES\u0130<\/p>\n\n<p>S\u0130TEM\u0130Z \u00dcZER\u0130NDEN KRED\u0130 KARTLARINIZLA TEK \u00d6DEME VEYA ONLINE TAKS\u0130T \u0130MKANLARIMIZDAN YARARLANAB\u0130L\u0130RS\u0130N\u0130Z. ONLINE \u00d6DEMELERDE, S\u0130PAR\u0130\u015e\u0130N\u0130Z SONUNDA KRED\u0130 KARTINIZDAN TUTARIN \u00c7EK\u0130M\u0130 YAPILACAKTIR. OLASI S\u0130PAR\u0130\u015e \u0130PTAL\u0130 VEYA STOK SORUNU NEDEN\u0130YLE S\u0130PAR\u0130\u015e \u0130PTAL\u0130 OLURSA 7 \u0130\u015e G\u00dcN\u00dc \u0130\u00c7ER\u0130S\u0130NDE KRED\u0130 KARTINIZA \u0130ADE YAPILACAKTIR.<\/p>\n\n<p>4) TESL\u0130MAT<\/p>\n\n<p>S\u0130PAR\u0130\u015e VERD\u0130\u011e\u0130N\u0130Z \u00dcR\u00dcNLER\u0130 EN GE\u00c7 \u00dc\u00c7 \u0130\u015e G\u00dcN\u00dc \u0130\u00c7ER\u0130S\u0130NDE KARGOYA VERMEYE \u00c7ALI\u015eIRIZ. TESL\u0130MAT S\u00dcRES\u0130NDE OLAN \u00dcR\u00dcNLERDE KARGO TESL\u0130MAT S\u00dcRES\u0130 \u00dcR\u00dcN DETAYINDA BEL\u0130RT\u0130LD\u0130\u011e\u0130 G\u0130B\u0130 3-7 \u0130\u015e G\u00dcN\u00dcD\u00dcR. OLASI TESL\u0130MAT GEC\u0130KME DURUMUNDA S\u0130ZE B\u0130LG\u0130 VER\u0130LECEKT\u0130R.<\/p>\n\n<p>\u00dcR\u00dcN TESL\u0130M\u0130N\u0130N EN KISA ZAMANDA YAPILMASI \u0130\u00c7\u0130N L\u00dcTFEN G\u00dcN \u0130\u00c7\u0130NDE TESL\u0130MAT ADRES\u0130 OLARAK YER\u0130N\u0130Z\u0130 BEL\u0130RT\u0130N\u0130Z.<\/p>\n\n<p>TALEPLER\u0130N\u0130Z S\u0130PAR\u0130\u015e SONUNDA BEL\u0130RLED\u0130\u011e\u0130N\u0130Z TESL\u0130MAT \u015eEKL\u0130NE G\u00d6RE HAZIRLANMAK \u00dcZERE \u0130\u015eLENMELERE BA\u015eLANACAKTIR. \u0130STANBUL MERKEZL\u0130 F\u0130RMAMIZDAN \u00dcR\u00dcNLER MNG KARGO F\u0130RMASI TARAFINDAN G\u00d6NDER\u0130LECEKT\u0130R. S\u0130PAR\u0130\u015eLER\u0130N\u0130Z ONAYLANDIKTAN SONRA 3 (\u00dc\u00c7) \u0130\u015e G\u00dcN\u00dc SONUNDA MNG KARGO F\u0130RMASINA TESL\u0130M ED\u0130L\u0130R.<\/p>\n\n<p>FARKLI TESL\u0130M \u015eARTLARI HAKKINDA M\u00dc\u015eTER\u0130 TEMS\u0130LC\u0130M\u0130ZLE DANI\u015eAB\u0130L\u0130RS\u0130N\u0130Z. AYRICA KARGO TESL\u0130MATI SADECE T\u00dcRK\u0130YE \u0130\u00c7\u0130N GE\u00c7ERL\u0130D\u0130R.<\/p>\n\n<p>5) \u00d6DEME TAK\u0130B\u0130<\/p>\n\n<p>HERHANG\u0130 B\u0130R SORUN \u0130\u00c7\u0130N S\u0130STEM \u0130\u015eLEM\u0130 GER\u00c7EKLE\u015eT\u0130RMEZSE \u00d6DEME SAYFASI SONUCU OLARAK Z\u0130YARET\u00c7\u0130M\u0130ZE BU DURUM B\u0130LD\u0130R\u0130L\u0130R.<\/p>\n\n<p>BEL\u0130RT\u0130LEN ADRESTE HERHANG\u0130 B\u0130R HATA OLMASI DURUMUNDA S\u0130PAR\u0130\u015e, TESL\u0130M ED\u0130LEMEYEN S\u0130PAR\u0130\u015e \u0130LE \u0130LG\u0130L\u0130 OLARAK S\u0130PAR\u0130\u015e \u0130LE BA\u011eLANTILIR.<\/p>\n\n<p>Z\u0130YARET\u00c7\u0130M\u0130Z\u0130N BEL\u0130RTT\u0130\u011e\u0130 E-POSTA ADRES\u0130N\u0130N GE\u00c7ERL\u0130L\u0130\u011e\u0130 S\u0130PAR\u0130\u015e AKTARIMINDAN SONRA G\u00d6NDER\u0130LEN OTOMAT\u0130K E-POSTA \u0130LE ONAYLANMAKTADIR.<\/p>\n\n<p>TESL\u0130MATIN GER\u00c7EKLE\u015eT\u0130R\u0130LMES\u0130 \u0130\u00c7\u0130N KRED\u0130 KARTI S\u0130STEM\u0130N\u0130 KULLANDI\u011eIMIZ BANKAYA KAR\u015eI M\u00dc\u015eTER\u0130LER\u0130M\u0130Z OLARAK SORUMLULU\u011eUMUZ S\u00d6Z KONUSUDUR.<\/p>\n\n<p>L\u00dcTFEN D\u0130KKAT ED\u0130N<\/p>\n\n<p>SEVK\u0130YAT ESNASINDA HASARLI G\u00d6RD\u00dc\u011e\u00dcN\u00dcZ PAKETLER\u0130N\u0130Z\u0130, F\u0130RMA YETK\u0130S\u0130NDEN \u00d6NCE A\u00c7IP G\u0130R\u0130\u015e YAPTIRARAK EL\u0130N\u0130ZE ALMI\u015eTIR. \u00dcR\u00dcNDE HERHANG\u0130 B\u0130R HASAR OLDU\u011eUNU D\u00dc\u015e\u00dcN\u00dcYORSANIZ KARGO F\u0130RMASINA B\u0130LD\u0130R\u0130M YAPARAK \u00dcR\u00dcN\u00dc TESL\u0130M ALMAYINIZ.<\/p>\n\n<p>\u00dcR\u00dcN TESL\u0130M ED\u0130LD\u0130KTEN SONRA KARGO F\u0130RMASININ G\u00d6REV\u0130N\u0130 TAMAMEN YER\u0130NE GET\u0130RD\u0130\u011e\u0130 KABUL ED\u0130L\u0130R.<\/p>\n\n<p>\u00dcR\u00dcN HASARLI OLDU\u011eU DURUMUNDA: B\u0130LG\u0130N\u0130Z\u0130 EN KISA ZAMANDA info@authenticturkishbazaar.com MA\u0130L ADRES\u0130M\u0130ZE G\u00d6NDER\u0130N\u0130Z.<\/p>\n\n<p>BU \u0130\u015eLEMLER\u0130 YAPARSANIZ PAKET\u0130N\u0130ZLE \u00c7ALI\u015eMAYA BA\u015eLAYARAK KISA S\u00dcREDE SEVK\u0130YAT TEKRARINI SA\u011eLAYACA\u011eIZ.<\/p>\n\n<p>\u00dcR\u00dcN\u00dc NEDEN \u0130ADE ETMEK \u0130STED\u0130\u011e\u0130N\u0130Z\u0130 BU E-POSTA \u0130\u00c7ER\u0130S\u0130NDE KISACA A\u00c7IKLARSANIZ, \u00dcR\u00dcN \u0130LE \u0130LG\u0130L\u0130 \u00c7ALI\u015eMALARIMIZDA B\u0130ZE YARDIMCI OLURSUNUZ.<\/p>","protected":false},"excerpt":{"rendered":"","protected":false},"author":3,"featured_media":0,"parent":0,"menu_order":0,"comment_status":"closed","ping_status":"closed","template":"","meta":{"footnotes":""},"class_list":["post-482","page","type-page","status-publish","hentry"],"yoast_head":"<!-- This site is optimized with the Yoast SEO plugin v27.3 - https:\/\/yoast.com\/product\/yoast-seo-wordpress\/ -->\n<title>Return Policy - Authentic Turkish Bazaar - Turkish Cotton Peshtemal Towels<\/title>\n<meta name=\"description\" content=\"Turkish cotton towels, peshtemal beach towels, authentic Turkish carpets and kilims, made in Turkey, shipped to US, Europe, to wholesalers\" \/>\n<meta name=\"robots\" content=\"index, follow, max-snippet:-1, max-image-preview:large, max-video-preview:-1\" \/>\n<link rel=\"canonical\" href=\"https:\/\/authenticturkishbazaar.com\/tr\/return-policy\/\" \/>\n<meta property=\"og:locale\" content=\"tr_TR\" \/>\n<meta property=\"og:type\" content=\"article\" \/>\n<meta property=\"og:title\" content=\"Return Policy - Authentic Turkish Bazaar - Turkish Cotton Peshtemal Towels\" \/>\n<meta property=\"og:description\" content=\"Turkish cotton towels, peshtemal beach towels, authentic Turkish carpets and kilims, made in Turkey, shipped to US, Europe, to wholesalers\" \/>\n<meta property=\"og:url\" content=\"https:\/\/authenticturkishbazaar.com\/tr\/return-policy\/\" \/>\n<meta property=\"og:site_name\" content=\"Authentic Turkish Bazaar\" \/>\n<meta property=\"article:modified_time\" content=\"2021-05-31T19:49:47+00:00\" \/>\n<meta name=\"twitter:card\" content=\"summary_large_image\" \/>\n<meta name=\"twitter:label1\" content=\"Tahmini okuma s\u00fcresi\" \/>\n\t<meta name=\"twitter:data1\" content=\"3 dakika\" \/>\n<script type=\"application\/ld+json\" class=\"yoast-schema-graph\">{\"@context\":\"https:\\\/\\\/schema.org\",\"@graph\":[{\"@type\":\"WebPage\",\"@id\":\"https:\\\/\\\/authenticturkishbazaar.com\\\/return-policy\\\/\",\"url\":\"https:\\\/\\\/authenticturkishbazaar.com\\\/return-policy\\\/\",\"name\":\"Return Policy - Authentic Turkish Bazaar - Turkish Cotton Peshtemal Towels\",\"isPartOf\":{\"@id\":\"https:\\\/\\\/authenticturkishbazaar.com\\\/tr\\\/#website\"},\"datePublished\":\"2021-05-19T08:02:53+00:00\",\"dateModified\":\"2021-05-31T19:49:47+00:00\",\"description\":\"Turkish cotton towels, peshtemal beach towels, authentic Turkish carpets and kilims, made in Turkey, shipped to US, Europe, to wholesalers\",\"breadcrumb\":{\"@id\":\"https:\\\/\\\/authenticturkishbazaar.com\\\/return-policy\\\/#breadcrumb\"},\"inLanguage\":\"tr\",\"potentialAction\":[{\"@type\":\"ReadAction\",\"target\":[\"https:\\\/\\\/authenticturkishbazaar.com\\\/return-policy\\\/\"]}]},{\"@type\":\"BreadcrumbList\",\"@id\":\"https:\\\/\\\/authenticturkishbazaar.com\\\/return-policy\\\/#breadcrumb\",\"itemListElement\":[{\"@type\":\"ListItem\",\"position\":1,\"name\":\"Home\",\"item\":\"https:\\\/\\\/authenticturkishbazaar.com\\\/\"},{\"@type\":\"ListItem\",\"position\":2,\"name\":\"Return Policy\"}]},{\"@type\":\"WebSite\",\"@id\":\"https:\\\/\\\/authenticturkishbazaar.com\\\/tr\\\/#website\",\"url\":\"https:\\\/\\\/authenticturkishbazaar.com\\\/tr\\\/\",\"name\":\"Authentic Turkish Bazaar\",\"description\":\"\",\"potentialAction\":[{\"@type\":\"SearchAction\",\"target\":{\"@type\":\"EntryPoint\",\"urlTemplate\":\"https:\\\/\\\/authenticturkishbazaar.com\\\/tr\\\/?s={search_term_string}\"},\"query-input\":{\"@type\":\"PropertyValueSpecification\",\"valueRequired\":true,\"valueName\":\"search_term_string\"}}],\"inLanguage\":\"tr\"}]}<\/script>\n<!-- \/ Yoast SEO plugin. -->","yoast_head_json":{"title":"Return Policy - Authentic Turkish Bazaar - Turkish Cotton Peshtemal Towels","description":"Turkish cotton towels, peshtemal beach towels, authentic Turkish carpets and kilims, made in Turkey, shipped to US, Europe, to wholesalers","robots":{"index":"index","follow":"follow","max-snippet":"max-snippet:-1","max-image-preview":"max-image-preview:large","max-video-preview":"max-video-preview:-1"},"canonical":"https:\/\/authenticturkishbazaar.com\/tr\/return-policy\/","og_locale":"tr_TR","og_type":"article","og_title":"Return Policy - Authentic Turkish Bazaar - Turkish Cotton Peshtemal Towels","og_description":"Turkish cotton towels, peshtemal beach towels, authentic Turkish carpets and kilims, made in Turkey, shipped to US, Europe, to wholesalers","og_url":"https:\/\/authenticturkishbazaar.com\/tr\/return-policy\/","og_site_name":"Authentic Turkish Bazaar","article_modified_time":"2021-05-31T19:49:47+00:00","twitter_card":"summary_large_image","twitter_misc":{"Tahmini okuma s\u00fcresi":"3 dakika"},"schema":{"@context":"https:\/\/schema.org","@graph":[{"@type":"WebPage","@id":"https:\/\/authenticturkishbazaar.com\/return-policy\/","url":"https:\/\/authenticturkishbazaar.com\/return-policy\/","name":"Return Policy - Authentic Turkish Bazaar - Turkish Cotton Peshtemal Towels","isPartOf":{"@id":"https:\/\/authenticturkishbazaar.com\/tr\/#website"},"datePublished":"2021-05-19T08:02:53+00:00","dateModified":"2021-05-31T19:49:47+00:00","description":"Turkish cotton towels, peshtemal beach towels, authentic Turkish carpets and kilims, made in Turkey, shipped to US, Europe, to wholesalers","breadcrumb":{"@id":"https:\/\/authenticturkishbazaar.com\/return-policy\/#breadcrumb"},"inLanguage":"tr","potentialAction":[{"@type":"ReadAction","target":["https:\/\/authenticturkishbazaar.com\/return-policy\/"]}]},{"@type":"BreadcrumbList","@id":"https:\/\/authenticturkishbazaar.com\/return-policy\/#breadcrumb","itemListElement":[{"@type":"ListItem","position":1,"name":"Home","item":"https:\/\/authenticturkishbazaar.com\/"},{"@type":"ListItem","position":2,"name":"Return Policy"}]},{"@type":"WebSite","@id":"https:\/\/authenticturkishbazaar.com\/tr\/#website","url":"https:\/\/authenticturkishbazaar.com\/tr\/","name":"Authentic Turkish Bazaar","description":"","potentialAction":[{"@type":"SearchAction","target":{"@type":"EntryPoint","urlTemplate":"https:\/\/authenticturkishbazaar.com\/tr\/?s={search_term_string}"},"query-input":{"@type":"PropertyValueSpecification","valueRequired":true,"valueName":"search_term_string"}}],"inLanguage":"tr"}]}},"_links":{"self":[{"href":"https:\/\/authenticturkishbazaar.com\/tr\/wp-json\/wp\/v2\/pages\/482","targetHints":{"allow":["GET"]}}],"collection":[{"href":"https:\/\/authenticturkishbazaar.com\/tr\/wp-json\/wp\/v2\/pages"}],"about":[{"href":"https:\/\/authenticturkishbazaar.com\/tr\/wp-json\/wp\/v2\/types\/page"}],"author":[{"embeddable":true,"href":"https:\/\/authenticturkishbazaar.com\/tr\/wp-json\/wp\/v2\/users\/3"}],"replies":[{"embeddable":true,"href":"https:\/\/authenticturkishbazaar.com\/tr\/wp-json\/wp\/v2\/comments?post=482"}],"version-history":[{"count":0,"href":"https:\/\/authenticturkishbazaar.com\/tr\/wp-json\/wp\/v2\/pages\/482\/revisions"}],"wp:attachment":[{"href":"https:\/\/authenticturkishbazaar.com\/tr\/wp-json\/wp\/v2\/media?parent=482"}],"curies":[{"name":"wp","href":"https:\/\/api.w.org\/{rel}","templated":true}]}}